{"id":1608,"date":"2022-01-24T14:02:06","date_gmt":"2022-01-24T13:02:06","guid":{"rendered":"https:\/\/gottardo.ch\/sostegni-allo-sviluppo\/criteri-per-prestazioni\/"},"modified":"2024-03-27T10:45:37","modified_gmt":"2024-03-27T09:45:37","slug":"criteri-per-prestazioni","status":"publish","type":"page","link":"https:\/\/gottardo.ch\/it\/sostegni-allo-sviluppo\/criteri-per-prestazioni\/","title":{"rendered":"Informationi Sostegni allo sviluppo"},"content":{"rendered":"\t\t<div data-elementor-type=\"wp-page\" data-elementor-id=\"1608\" class=\"elementor elementor-1608 elementor-106\" data-elementor-post-type=\"page\">\n\t\t\t\t\t\t\t\t\t<section class=\"elementor-section elementor-top-section elementor-element elementor-element-cfe08e3 elementor-section-boxed elementor-section-height-default elementor-section-height-default\" data-id=\"cfe08e3\" data-element_type=\"section\" data-settings=\"{&quot;background_background&quot;:&quot;classic&quot;}\">\n\t\t\t\t\t\t<div class=\"elementor-container elementor-column-gap-default\">\n\t\t\t\t\t<div class=\"elementor-column elementor-col-50 elementor-top-column elementor-element elementor-element-4217742\" data-id=\"4217742\" data-element_type=\"column\">\n\t\t\t<div class=\"elementor-widget-wrap elementor-element-populated\">\n\t\t\t\t\t\t\t\t<div class=\"elementor-element elementor-element-cc62631 elementor-widget elementor-widget-heading\" data-id=\"cc62631\" data-element_type=\"widget\" data-widget_type=\"heading.default\">\n\t\t\t\t<div class=\"elementor-widget-container\">\n\t\t\t<h1 class=\"elementor-heading-title elementor-size-default\">Sostegni allo sviluppo<\/h1>\t\t<\/div>\n\t\t\t\t<\/div>\n\t\t\t\t<div class=\"elementor-element elementor-element-96715a9 elementor-widget elementor-widget-text-editor\" data-id=\"96715a9\" data-element_type=\"widget\" data-widget_type=\"text-editor.default\">\n\t\t\t\t<div class=\"elementor-widget-container\">\n\t\t\t\t\t\t\t<h3>Sostegno a progetti<\/h3><p>Il Programma San Gottardo (PSG) pu\u00f2 sostenere e consigliare gli enti responsabili nella preparazione, nello sviluppo e nella realizzazione di progetti. A questo scopo, il PSG pu\u00f2 accompagnare gli enti responsabili offrendo il suo know-how, oppure pu\u00f2 fungere da intermediario per stabilire contatti importanti con imprese, autorit\u00e0 o altre organizzazioni. In questo modo si intendono sostenere sul posto in particolare anche idee di attori locali, affinch\u00e9 possano scaturire e realizzarsi nuovi progetti.<\/p><p>\u00a0<\/p><h3>Aiuti finanziari<\/h3><p>Il PSG distingue due tipi di aiuti finanziari. Da un lato l\u2019aiuto consiste in contributi a fondo perduto, dall\u2019altro in mutui. I contributi a fondo perduto sono contributi una tantum per il finanziamento di progetti e non vanno restituiti. A seconda delle basi legali, i mutui possono normalmente essere concessi a tasso d\u2019interesse zero e vanno restituiti entro un periodo da definire.<\/p><p>\u00a0<\/p><h3>Requisiti per beneficiare dei finanziamenti<\/h3><p>I finanziamenti possono essere concessi solo se:<\/p><ul><li>sono in linea con la strategia PA PSG 2024-2027. Nel settore delle infrastrutture vengono sostenute, ai sensi della NPR solo le infrastrutture di sviluppo e le piccole infrastrutture di importanza economica regionale;<\/li><li>hanno un impatto economico sovracantonale o comunque contribuiscono allo sviluppo economico regionale e rafforzano la regione del Gottardo nel suo complesso;<\/li><li>almeno due cantoni partecipano al finanziamento dei contributi a fondo perduto della NPR o, di norma, almeno due cantoni partecipano al finanziamento dei prestiti NPR;<\/li><li>i Cantoni interessati forniscono finanziariamente una prestazione equivalente;<\/li><li>tutti i Cantoni approvano il progetto e il finanziamento tramite il fondo PSG;<\/li><li>\u00e8 possibile ottenere una disposizione di finanziamento da parte dei Cantoni prima dell&#8217;inizio dei lavori o della realizzazione. (Se, in casi eccezionali, \u00e8 impossibile attuare una disposizione anticipata di finanziamento, il Cantone di ubicazione pu\u00f2 autorizzare l&#8217;inizio anticipato dei lavori o della costruzione. Se il Cantone di ubicazione non \u00e8 definito, il Cantone capofila deve autorizzare l&#8217;inizio anticipato dei lavori e della costruzione).<\/li><\/ul><h3>\u00a0<\/h3><h3>Contributi federali NPR e contributi cantonali (prestazioni equivalenti)<\/h3><p>I Cantoni possono sostenere i progetti ai sensi dell&#8217;PA PSG 2024-2027 con contributi fino al 50% dei costi computabili. Nel caso di studi di fattibilit\u00e0, il finanziamento pu\u00f2 essere eccezionalmente maggiore, ma non superiore al 70%. I contributi sono ripartiti equamente tra la Confederazione e i Cantoni. L&#8217;importo del finanziamento \u00e8 determinato sulla base dei criteri sopra indicati e della chiave di finanziamento.<\/p><p>\u00a0<\/p><h3>Flessibilit\u00e0 dei finanziamenti per le infrastrutture<\/h3><p>La SECO pu\u00f2 erogare un contributo federale massimo a fondo perduto di 50.000 franchi per dossier per sostenere piccoli progetti infrastrutturali di rilevanza economica regionale. A questo si aggiungono i contributi almeno equivalenti dei Cantoni. Il limite massimo di budget per i progetti che possono essere considerati &#8220;piccoli progetti infrastrutturali&#8221; \u00e8 stato fissato dalla SECO a 700.000 franchi.<\/p><p>\u00a0<\/p><h3>Mutui<\/h3><p>I Cantoni possono sostenere progetti infrastrutturali stabiliti nel PSG PA 2024-2027 con prestiti federali dell&#8217;NPR. L&#8217;importo del finanziamento viene determinato in base ai criteri sopra citati e alla chiave di finanziamento. Di norma, viene sostenuto un massimo del 30% dei costi d&#8217;investimento computabili sotto forma di prestito federale; a questo si aggiunge un contributo almeno equivalente da parte dei Cantoni sotto forma di contributi a fondo perduto.<\/p><p>I requisiti e i criteri dettagliati per l&#8217;assegnazione dei finanziamenti sono definiti nelle <a href=\"https:\/\/gottardo.ch\/wp-content\/uploads\/2024\/03\/Linee-guida.pdf\"><strong>Linee guida per la concessione dei finanziamenti<\/strong>.<\/a><\/p>\t\t\t\t\t\t<\/div>\n\t\t\t\t<\/div>\n\t\t\t\t\t<\/div>\n\t\t<\/div>\n\t\t\t\t<div class=\"elementor-column elementor-col-50 elementor-top-column elementor-element elementor-element-4b864c1\" data-id=\"4b864c1\" data-element_type=\"column\">\n\t\t\t<div class=\"elementor-widget-wrap elementor-element-populated\">\n\t\t\t\t\t\t\t\t<div class=\"elementor-element elementor-element-e9fa19e elementor-widget elementor-widget-image\" data-id=\"e9fa19e\" data-element_type=\"widget\" data-widget_type=\"image.default\">\n\t\t\t\t<div class=\"elementor-widget-container\">\n\t\t\t\t\t\t\t\t\t\t\t\t\t\t\t<img loading=\"lazy\" decoding=\"async\" width=\"667\" height=\"1024\" src=\"https:\/\/gottardo.ch\/wp-content\/uploads\/2022\/03\/sangottardo_kriterien_foerderleistungen_engelteufel-667x1024.png\" class=\"attachment-large size-large wp-image-1992\" alt=\"\" srcset=\"https:\/\/gottardo.ch\/wp-content\/uploads\/2022\/03\/sangottardo_kriterien_foerderleistungen_engelteufel-667x1024.png 667w, https:\/\/gottardo.ch\/wp-content\/uploads\/2022\/03\/sangottardo_kriterien_foerderleistungen_engelteufel-195x300.png 195w, https:\/\/gottardo.ch\/wp-content\/uploads\/2022\/03\/sangottardo_kriterien_foerderleistungen_engelteufel-768x1180.png 768w, https:\/\/gottardo.ch\/wp-content\/uploads\/2022\/03\/sangottardo_kriterien_foerderleistungen_engelteufel.png 914w\" sizes=\"auto, (max-width: 667px) 100vw, 667px\" \/>\t\t\t\t\t\t\t\t\t\t\t\t\t\t\t<\/div>\n\t\t\t\t<\/div>\n\t\t\t\t\t<\/div>\n\t\t<\/div>\n\t\t\t\t\t\t\t<\/div>\n\t\t<\/section>\n\t\t\t\t\t\t\t<\/div>\n\t\t","protected":false},"excerpt":{"rendered":"<p>Sostegni allo sviluppo Sostegno a progetti Il Programma San Gottardo (PSG) pu\u00f2 sostenere e consigliare gli enti responsabili nella preparazione, nello sviluppo e nella realizzazione di progetti. A questo scopo, il PSG pu\u00f2 accompagnare gli enti responsabili offrendo il suo know-how, oppure pu\u00f2 fungere da intermediario per stabilire contatti importanti con imprese, autorit\u00e0 o altre [&hellip;]<\/p>\n","protected":false},"author":1,"featured_media":0,"parent":1606,"menu_order":13,"comment_status":"closed","ping_status":"closed","template":"","meta":{"footnotes":""},"class_list":["post-1608","page","type-page","status-publish","hentry"],"acf":[],"_links":{"self":[{"href":"https:\/\/gottardo.ch\/it\/wp-json\/wp\/v2\/pages\/1608","targetHints":{"allow":["GET"]}}],"collection":[{"href":"https:\/\/gottardo.ch\/it\/wp-json\/wp\/v2\/pages"}],"about":[{"href":"https:\/\/gottardo.ch\/it\/wp-json\/wp\/v2\/types\/page"}],"author":[{"embeddable":true,"href":"https:\/\/gottardo.ch\/it\/wp-json\/wp\/v2\/users\/1"}],"replies":[{"embeddable":true,"href":"https:\/\/gottardo.ch\/it\/wp-json\/wp\/v2\/comments?post=1608"}],"version-history":[{"count":39,"href":"https:\/\/gottardo.ch\/it\/wp-json\/wp\/v2\/pages\/1608\/revisions"}],"predecessor-version":[{"id":3729,"href":"https:\/\/gottardo.ch\/it\/wp-json\/wp\/v2\/pages\/1608\/revisions\/3729"}],"up":[{"embeddable":true,"href":"https:\/\/gottardo.ch\/it\/wp-json\/wp\/v2\/pages\/1606"}],"wp:attachment":[{"href":"https:\/\/gottardo.ch\/it\/wp-json\/wp\/v2\/media?parent=1608"}],"curies":[{"name":"wp","href":"https:\/\/api.w.org\/{rel}","templated":true}]}}