{"id":1574,"date":"2022-01-24T13:57:17","date_gmt":"2022-01-24T12:57:17","guid":{"rendered":"https:\/\/gottardo.ch\/perimetro\/surselva\/"},"modified":"2022-03-10T14:38:47","modified_gmt":"2022-03-10T13:38:47","slug":"surselva","status":"publish","type":"page","link":"https:\/\/gottardo.ch\/it\/perimetro\/surselva\/","title":{"rendered":"Surselva"},"content":{"rendered":"\t\t<div data-elementor-type=\"wp-page\" data-elementor-id=\"1574\" class=\"elementor elementor-1574 elementor-98\" data-elementor-post-type=\"page\">\n\t\t\t\t\t\t\t\t\t<section class=\"elementor-section elementor-top-section elementor-element elementor-element-a4891d4 elementor-section-boxed elementor-section-height-default elementor-section-height-default\" data-id=\"a4891d4\" data-element_type=\"section\" data-settings=\"{&quot;background_background&quot;:&quot;classic&quot;}\">\n\t\t\t\t\t\t<div class=\"elementor-container elementor-column-gap-default\">\n\t\t\t\t\t<div class=\"elementor-column elementor-col-50 elementor-top-column elementor-element elementor-element-d253978\" data-id=\"d253978\" data-element_type=\"column\">\n\t\t\t<div class=\"elementor-widget-wrap elementor-element-populated\">\n\t\t\t\t\t\t\t\t<div class=\"elementor-element elementor-element-c6814db elementor-widget elementor-widget-heading\" data-id=\"c6814db\" data-element_type=\"widget\" data-widget_type=\"heading.default\">\n\t\t\t\t<div class=\"elementor-widget-container\">\n\t\t\t<h1 class=\"elementor-heading-title elementor-size-default\">Surselva<\/h1>\t\t<\/div>\n\t\t\t\t<\/div>\n\t\t\t\t<div class=\"elementor-element elementor-element-ae9875e elementor-widget elementor-widget-text-editor\" data-id=\"ae9875e\" data-element_type=\"widget\" data-widget_type=\"text-editor.default\">\n\t\t\t\t<div class=\"elementor-widget-container\">\n\t\t\t\t\t\t\t<p>La Regiun Surselva comprende il territo-rio della Valle del Reno anteriore tra Laax e le sorgenti del Reno presso il Piz Badus, con le valli laterali Lumne-zia\/Vals, Safien, Val Sumvitg e Medel. Su una superficie di 1374 km<sup>2<\/sup> vivono circa 21&#8217;000 persone, di cui oltre la met\u00e0 di madre lingua romancia. La Surselva \u00e8 cos\u00ec la regione di lingua romancia pi\u00f9 estesa. Dal profilo economico la regione \u00e8 marcatamente turistica. L&#8217;agricoltura riveste tuttora un ruolo importante per l&#8217;insediamento decentralizzato.<\/p><p>Negli ultimi anni la Surselva ha vissuto un importante cambiamento strutturale gestito in modo sorprendente. La crescita economica \u00e8 stata contenuta, tuttavia migliore di quanto previsto. In settori ad alto valore aggiunto, il numero di impie-ghi ha potuto essere aumentato, fatto che rispecchia una vitalit\u00e0 sorprendente della regione. Il cambiamento strutturale nell&#8217;agricoltura continuer\u00e0 nei prossimi anni.<\/p><p>La sfide future pi\u00f9 importanti per la Regiun Surselva consistono nel cambiamento demografico e nella competitivit\u00e0 economica delle imprese locali. Tuttavia, bisogna osservare che la natura intatta \u00e8 una buona premessa per uno sviluppo prospero della Surselva. A ci\u00f2 si aggiunge il fatto che da anni viene investito molto nel settore di punta del turismo, fatto che porta vantaggi decisivi nella lotta per le quote di mercato.<\/p>\t\t\t\t\t\t<\/div>\n\t\t\t\t<\/div>\n\t\t\t\t\t<\/div>\n\t\t<\/div>\n\t\t\t\t<div class=\"elementor-column elementor-col-50 elementor-top-column elementor-element elementor-element-c3967f2\" data-id=\"c3967f2\" data-element_type=\"column\">\n\t\t\t<div class=\"elementor-widget-wrap elementor-element-populated\">\n\t\t\t\t\t\t\t\t<div class=\"elementor-element elementor-element-1fff0af elementor-widget elementor-widget-image\" data-id=\"1fff0af\" data-element_type=\"widget\" data-widget_type=\"image.default\">\n\t\t\t\t<div class=\"elementor-widget-container\">\n\t\t\t\t\t\t\t\t\t\t\t\t\t\t\t<img loading=\"lazy\" decoding=\"async\" width=\"600\" height=\"430\" src=\"https:\/\/gottardo.ch\/wp-content\/uploads\/2022\/03\/san_gottardo_surselva_icon-1.png\" class=\"attachment-large size-large wp-image-2067\" alt=\"\" srcset=\"https:\/\/gottardo.ch\/wp-content\/uploads\/2022\/03\/san_gottardo_surselva_icon-1.png 600w, https:\/\/gottardo.ch\/wp-content\/uploads\/2022\/03\/san_gottardo_surselva_icon-1-300x215.png 300w\" sizes=\"auto, (max-width: 600px) 100vw, 600px\" \/>\t\t\t\t\t\t\t\t\t\t\t\t\t\t\t<\/div>\n\t\t\t\t<\/div>\n\t\t\t\t\t<\/div>\n\t\t<\/div>\n\t\t\t\t\t\t\t<\/div>\n\t\t<\/section>\n\t\t\t\t<section class=\"elementor-section elementor-top-section elementor-element elementor-element-eae4364 elementor-section-boxed elementor-section-height-default elementor-section-height-default\" data-id=\"eae4364\" data-element_type=\"section\">\n\t\t\t\t\t\t<div class=\"elementor-container elementor-column-gap-default\">\n\t\t\t\t\t<div class=\"elementor-column elementor-col-100 elementor-top-column elementor-element elementor-element-26dd6fc\" data-id=\"26dd6fc\" data-element_type=\"column\">\n\t\t\t<div class=\"elementor-widget-wrap elementor-element-populated\">\n\t\t\t\t\t\t\t\t<div class=\"elementor-element elementor-element-67f2370 elementor-widget elementor-widget-heading\" data-id=\"67f2370\" data-element_type=\"widget\" data-widget_type=\"heading.default\">\n\t\t\t\t<div class=\"elementor-widget-container\">\n\t\t\t<h2 class=\"elementor-heading-title elementor-size-default\">Ulteriori informazioni:<\/h2>\t\t<\/div>\n\t\t\t\t<\/div>\n\t\t\t\t<div class=\"elementor-element elementor-element-2a9ceec elementor-icon-list--layout-traditional elementor-list-item-link-full_width elementor-widget elementor-widget-icon-list\" data-id=\"2a9ceec\" data-element_type=\"widget\" data-widget_type=\"icon-list.default\">\n\t\t\t\t<div class=\"elementor-widget-container\">\n\t\t\t\t\t<ul class=\"elementor-icon-list-items\">\n\t\t\t\t\t\t\t<li class=\"elementor-icon-list-item\">\n\t\t\t\t\t\t\t\t\t\t\t<a href=\"https:\/\/www.gr.ch\/DE\/Seiten\/welcome.aspx\" target=\"_blank\" rel=\"noopener\">\n\n\t\t\t\t\t\t\t\t\t\t\t\t<span class=\"elementor-icon-list-icon\">\n\t\t\t\t\t\t\t<i aria-hidden=\"true\" class=\"fas fa-chevron-right\"><\/i>\t\t\t\t\t\t<\/span>\n\t\t\t\t\t\t\t\t\t\t<span class=\"elementor-icon-list-text\">Cantone dei Grigioni<\/span>\n\t\t\t\t\t\t\t\t\t\t\t<\/a>\n\t\t\t\t\t\t\t\t\t<\/li>\n\t\t\t\t\t\t\t\t<li class=\"elementor-icon-list-item\">\n\t\t\t\t\t\t\t\t\t\t\t<a href=\"https:\/\/www.regiun-surselva.ch\/de\/\" target=\"_blank\" rel=\"noopener\">\n\n\t\t\t\t\t\t\t\t\t\t\t\t<span class=\"elementor-icon-list-icon\">\n\t\t\t\t\t\t\t<i aria-hidden=\"true\" class=\"fas fa-chevron-right\"><\/i>\t\t\t\t\t\t<\/span>\n\t\t\t\t\t\t\t\t\t\t<span class=\"elementor-icon-list-text\">Regiun Surselva<\/span>\n\t\t\t\t\t\t\t\t\t\t\t<\/a>\n\t\t\t\t\t\t\t\t\t<\/li>\n\t\t\t\t\t\t\t\t<li class=\"elementor-icon-list-item\">\n\t\t\t\t\t\t\t\t\t\t\t<a href=\"https:\/\/www.disentis-sedrun.ch\/de\" target=\"_blank\" rel=\"noopener\">\n\n\t\t\t\t\t\t\t\t\t\t\t\t<span class=\"elementor-icon-list-icon\">\n\t\t\t\t\t\t\t<i aria-hidden=\"true\" class=\"fas fa-chevron-right\"><\/i>\t\t\t\t\t\t<\/span>\n\t\t\t\t\t\t\t\t\t\t<span class=\"elementor-icon-list-text\">Sedrun Disentis Tourismus<\/span>\n\t\t\t\t\t\t\t\t\t\t\t<\/a>\n\t\t\t\t\t\t\t\t\t<\/li>\n\t\t\t\t\t\t\t\t<li class=\"elementor-icon-list-item\">\n\t\t\t\t\t\t\t\t\t\t\t<a href=\"https:\/\/www.surselva.info\/\" target=\"_blank\" rel=\"noopener\">\n\n\t\t\t\t\t\t\t\t\t\t\t\t<span class=\"elementor-icon-list-icon\">\n\t\t\t\t\t\t\t<i aria-hidden=\"true\" class=\"fas fa-chevron-right\"><\/i>\t\t\t\t\t\t<\/span>\n\t\t\t\t\t\t\t\t\t\t<span class=\"elementor-icon-list-text\">Surselva Tourismus<\/span>\n\t\t\t\t\t\t\t\t\t\t\t<\/a>\n\t\t\t\t\t\t\t\t\t<\/li>\n\t\t\t\t\t\t\t\t<li class=\"elementor-icon-list-item\">\n\t\t\t\t\t\t\t\t\t\t\t<a href=\"https:\/\/vals.ch\/\" target=\"_blank\" rel=\"noopener\">\n\n\t\t\t\t\t\t\t\t\t\t\t\t<span class=\"elementor-icon-list-icon\">\n\t\t\t\t\t\t\t<i aria-hidden=\"true\" class=\"fas fa-chevron-right\"><\/i>\t\t\t\t\t\t<\/span>\n\t\t\t\t\t\t\t\t\t\t<span class=\"elementor-icon-list-text\">Visit Vals<\/span>\n\t\t\t\t\t\t\t\t\t\t\t<\/a>\n\t\t\t\t\t\t\t\t\t<\/li>\n\t\t\t\t\t\t<\/ul>\n\t\t\t\t<\/div>\n\t\t\t\t<\/div>\n\t\t\t\t\t<\/div>\n\t\t<\/div>\n\t\t\t\t\t\t\t<\/div>\n\t\t<\/section>\n\t\t\t\t\t\t\t<\/div>\n\t\t","protected":false},"excerpt":{"rendered":"<p>Surselva La Regiun Surselva comprende il territo-rio della Valle del Reno anteriore tra Laax e le sorgenti del Reno presso il Piz Badus, con le valli laterali Lumne-zia\/Vals, Safien, Val Sumvitg e Medel. Su una superficie di 1374 km2 vivono circa 21&#8217;000 persone, di cui oltre la met\u00e0 di madre lingua romancia. La Surselva \u00e8 [&hellip;]<\/p>\n","protected":false},"author":1,"featured_media":0,"parent":1553,"menu_order":9,"comment_status":"closed","ping_status":"closed","template":"","meta":{"footnotes":""},"class_list":["post-1574","page","type-page","status-publish","hentry"],"acf":[],"_links":{"self":[{"href":"https:\/\/gottardo.ch\/it\/wp-json\/wp\/v2\/pages\/1574","targetHints":{"allow":["GET"]}}],"collection":[{"href":"https:\/\/gottardo.ch\/it\/wp-json\/wp\/v2\/pages"}],"about":[{"href":"https:\/\/gottardo.ch\/it\/wp-json\/wp\/v2\/types\/page"}],"author":[{"embeddable":true,"href":"https:\/\/gottardo.ch\/it\/wp-json\/wp\/v2\/users\/1"}],"replies":[{"embeddable":true,"href":"https:\/\/gottardo.ch\/it\/wp-json\/wp\/v2\/comments?post=1574"}],"version-history":[{"count":26,"href":"https:\/\/gottardo.ch\/it\/wp-json\/wp\/v2\/pages\/1574\/revisions"}],"predecessor-version":[{"id":2707,"href":"https:\/\/gottardo.ch\/it\/wp-json\/wp\/v2\/pages\/1574\/revisions\/2707"}],"up":[{"embeddable":true,"href":"https:\/\/gottardo.ch\/it\/wp-json\/wp\/v2\/pages\/1553"}],"wp:attachment":[{"href":"https:\/\/gottardo.ch\/it\/wp-json\/wp\/v2\/media?parent=1574"}],"curies":[{"name":"wp","href":"https:\/\/api.w.org\/{rel}","templated":true}]}}