{"id":1568,"date":"2022-01-24T13:57:02","date_gmt":"2022-01-24T12:57:02","guid":{"rendered":"https:\/\/gottardo.ch\/perimetro\/bellinzona-e-valli\/"},"modified":"2022-03-10T14:37:06","modified_gmt":"2022-03-10T13:37:06","slug":"bellinzona-e-valli","status":"publish","type":"page","link":"https:\/\/gottardo.ch\/it\/perimetro\/bellinzona-e-valli\/","title":{"rendered":"Bellinzona e Valli"},"content":{"rendered":"\t\t<div data-elementor-type=\"wp-page\" data-elementor-id=\"1568\" class=\"elementor elementor-1568 elementor-96\" data-elementor-post-type=\"page\">\n\t\t\t\t\t\t\t\t\t<section class=\"elementor-section elementor-top-section elementor-element elementor-element-52886cb elementor-section-boxed elementor-section-height-default elementor-section-height-default\" data-id=\"52886cb\" data-element_type=\"section\" data-settings=\"{&quot;background_background&quot;:&quot;classic&quot;}\">\n\t\t\t\t\t\t<div class=\"elementor-container elementor-column-gap-default\">\n\t\t\t\t\t<div class=\"elementor-column elementor-col-50 elementor-top-column elementor-element elementor-element-e39ff8e\" data-id=\"e39ff8e\" data-element_type=\"column\">\n\t\t\t<div class=\"elementor-widget-wrap elementor-element-populated\">\n\t\t\t\t\t\t\t\t<div class=\"elementor-element elementor-element-70d44e1 elementor-widget elementor-widget-heading\" data-id=\"70d44e1\" data-element_type=\"widget\" data-widget_type=\"heading.default\">\n\t\t\t\t<div class=\"elementor-widget-container\">\n\t\t\t<h1 class=\"elementor-heading-title elementor-size-default\">Bellinzona e Valli<\/h1>\t\t<\/div>\n\t\t\t\t<\/div>\n\t\t\t\t<div class=\"elementor-element elementor-element-3972dfc elementor-widget elementor-widget-text-editor\" data-id=\"3972dfc\" data-element_type=\"widget\" data-widget_type=\"text-editor.default\">\n\t\t\t\t<div class=\"elementor-widget-container\">\n\t\t\t\t\t\t\t<p>Il comprensorio del Bellinzonese e Valli comprende quattro distretti: Bellinzona, Riviera, Leventina e Blenio. In questi quattro distretti si trovano 21 Comuni. Il territorio spazia dal Comune di Cadenazzo a Sud, situato sul piano di Magadino (199 m s.l.m.) fino ai Comuni di montagna di Bedretto (1&#8217;402 m s.l.m.) e Olivone (1&#8217;215 m s.l.m. a Campo Blenio) a Nord. La regione presenta cos\u00ec un mix tra zone urbane (Bellinzona), centri di medie dimensioni, Comuni rurali e Comuni di montagna. La popolazione raggiunge quota 80&#8217;000 individui su una superficie totale di 1&#8217;218.68 km<sup>2<\/sup>.    <\/p><p>Il distretto pi\u00f9 a Sud \u00e8 il Bellinzonese, che include quale polo la Citt\u00e0 di Bellinzona, la capitale politica e amministrativa del Canton Ticino. Salendo a Nord del Bellinzonese troviamo la Riviera, il cui capoluogo \u00e8 Biasca. A Nord di Biasca si snodano due valli: verso ovest la Leventina, mentre verso est la Valle di Blenio. Il distretto di Leventina, con capoluogo Faido, prosegue a Nord fino al massiccio del San Gottardo. L\u2019altra valle che si distacca da Biasca \u00e8 la Valle di Blenio o Valle del Sole, che si estende fino al Passo del Lucomagno e alla regione della Greina. I quattro distretti rappresentano un territorio che permette l\u2019insediamento di numerose attivit\u00e0 economiche quali il commercio, il turismo, le industrie e l\u2019artigianato, l\u2019agricoltura e la ricerca scientifica (IRB, IOSI, Centro Biologico Alpino Piora, FASV, Centro Uomo Natura Lucomagno). Nonostante la diversificazione delle attivit\u00e0, la terziarizzazione dell\u2019economia \u00e8 visibile anche in questa regione, dove oggigiorno quasi tre persone su quattro lavorano nell\u2019ambito dei servizi. Nel settore secondario invece lavorano il 24% delle persone attive, mentre il 4%, circa 1&#8217;300 attivi a tempo pieno, lavorano nel settore primario.       <\/p><p>La ricchezza dell\u2019Bellinzonese e Valli \u00e8 data principalmente dai paesaggi naturali e dai patrimoni storico culturali.<\/p><p>Nella regione \u00e8 possibile praticare delle attivit\u00e0 sportive tutto l\u2019anno. Grazie alla sua infrastruttura con diversi impianti invernali ed estivi, ai suoi oltre 1460 km di sentieri escursionistici segnalati, ai 48 rifugi e all\u2019ampia rete di piste ciclabili locali, \u00e8 possibile fare attivit\u00e0 sportiva tutto l\u2019anno. <\/p>\t\t\t\t\t\t<\/div>\n\t\t\t\t<\/div>\n\t\t\t\t\t<\/div>\n\t\t<\/div>\n\t\t\t\t<div class=\"elementor-column elementor-col-50 elementor-top-column elementor-element elementor-element-b9619fb\" data-id=\"b9619fb\" data-element_type=\"column\">\n\t\t\t<div class=\"elementor-widget-wrap elementor-element-populated\">\n\t\t\t\t\t\t\t\t<div class=\"elementor-element elementor-element-a093d6a elementor-widget elementor-widget-image\" data-id=\"a093d6a\" data-element_type=\"widget\" data-widget_type=\"image.default\">\n\t\t\t\t<div class=\"elementor-widget-container\">\n\t\t\t\t\t\t\t\t\t\t\t\t\t\t\t<img loading=\"lazy\" decoding=\"async\" width=\"800\" height=\"623\" src=\"https:\/\/gottardo.ch\/wp-content\/uploads\/2022\/03\/sangottardo_Kirche_Giornico_bellinzona-1024x797.png\" class=\"attachment-large size-large wp-image-1987\" alt=\"\" srcset=\"https:\/\/gottardo.ch\/wp-content\/uploads\/2022\/03\/sangottardo_Kirche_Giornico_bellinzona-1024x797.png 1024w, https:\/\/gottardo.ch\/wp-content\/uploads\/2022\/03\/sangottardo_Kirche_Giornico_bellinzona-300x233.png 300w, https:\/\/gottardo.ch\/wp-content\/uploads\/2022\/03\/sangottardo_Kirche_Giornico_bellinzona-768x598.png 768w, https:\/\/gottardo.ch\/wp-content\/uploads\/2022\/03\/sangottardo_Kirche_Giornico_bellinzona-1536x1195.png 1536w, https:\/\/gottardo.ch\/wp-content\/uploads\/2022\/03\/sangottardo_Kirche_Giornico_bellinzona.png 1920w\" sizes=\"auto, (max-width: 800px) 100vw, 800px\" \/>\t\t\t\t\t\t\t\t\t\t\t\t\t\t\t<\/div>\n\t\t\t\t<\/div>\n\t\t\t\t\t<\/div>\n\t\t<\/div>\n\t\t\t\t\t\t\t<\/div>\n\t\t<\/section>\n\t\t\t\t<section class=\"elementor-section elementor-top-section elementor-element elementor-element-c241527 elementor-section-boxed elementor-section-height-default elementor-section-height-default\" data-id=\"c241527\" data-element_type=\"section\">\n\t\t\t\t\t\t<div class=\"elementor-container elementor-column-gap-default\">\n\t\t\t\t\t<div class=\"elementor-column elementor-col-100 elementor-top-column elementor-element elementor-element-6385a33\" data-id=\"6385a33\" data-element_type=\"column\">\n\t\t\t<div class=\"elementor-widget-wrap elementor-element-populated\">\n\t\t\t\t\t\t\t\t<div class=\"elementor-element elementor-element-e23dd6e elementor-widget elementor-widget-heading\" data-id=\"e23dd6e\" data-element_type=\"widget\" data-widget_type=\"heading.default\">\n\t\t\t\t<div class=\"elementor-widget-container\">\n\t\t\t<h2 class=\"elementor-heading-title elementor-size-default\">Ulteriori informazioni:<\/h2>\t\t<\/div>\n\t\t\t\t<\/div>\n\t\t\t\t<div class=\"elementor-element elementor-element-22d8d8a elementor-icon-list--layout-traditional elementor-list-item-link-full_width elementor-widget elementor-widget-icon-list\" data-id=\"22d8d8a\" data-element_type=\"widget\" data-widget_type=\"icon-list.default\">\n\t\t\t\t<div class=\"elementor-widget-container\">\n\t\t\t\t\t<ul class=\"elementor-icon-list-items\">\n\t\t\t\t\t\t\t<li class=\"elementor-icon-list-item\">\n\t\t\t\t\t\t\t\t\t\t\t<a href=\"https:\/\/www4.ti.ch\/stato-e-organizzazione\/\" target=\"_blank\" rel=\"noopener\">\n\n\t\t\t\t\t\t\t\t\t\t\t\t<span class=\"elementor-icon-list-icon\">\n\t\t\t\t\t\t\t<i aria-hidden=\"true\" class=\"fas fa-chevron-right\"><\/i>\t\t\t\t\t\t<\/span>\n\t\t\t\t\t\t\t\t\t\t<span class=\"elementor-icon-list-text\">Cantone Ticino<\/span>\n\t\t\t\t\t\t\t\t\t\t\t<\/a>\n\t\t\t\t\t\t\t\t\t<\/li>\n\t\t\t\t\t\t\t\t<li class=\"elementor-icon-list-item\">\n\t\t\t\t\t\t\t\t\t\t\t<a href=\"http:\/\/www.ers-bv.ch\/\" target=\"_blank\" rel=\"noopener\">\n\n\t\t\t\t\t\t\t\t\t\t\t\t<span class=\"elementor-icon-list-icon\">\n\t\t\t\t\t\t\t<i aria-hidden=\"true\" class=\"fas fa-chevron-right\"><\/i>\t\t\t\t\t\t<\/span>\n\t\t\t\t\t\t\t\t\t\t<span class=\"elementor-icon-list-text\">Ente Regionale per lo Sviluppo Bellinzonese e Valli<\/span>\n\t\t\t\t\t\t\t\t\t\t\t<\/a>\n\t\t\t\t\t\t\t\t\t<\/li>\n\t\t\t\t\t\t\t\t<li class=\"elementor-icon-list-item\">\n\t\t\t\t\t\t\t\t\t\t\t<a href=\"https:\/\/www.bellinzonaevalli.ch\/de\/\" target=\"_blank\" rel=\"noopener\">\n\n\t\t\t\t\t\t\t\t\t\t\t\t<span class=\"elementor-icon-list-icon\">\n\t\t\t\t\t\t\t<i aria-hidden=\"true\" class=\"fas fa-chevron-right\"><\/i>\t\t\t\t\t\t<\/span>\n\t\t\t\t\t\t\t\t\t\t<span class=\"elementor-icon-list-text\">OTR Bellinzona e Valli Turismo<\/span>\n\t\t\t\t\t\t\t\t\t\t\t<\/a>\n\t\t\t\t\t\t\t\t\t<\/li>\n\t\t\t\t\t\t<\/ul>\n\t\t\t\t<\/div>\n\t\t\t\t<\/div>\n\t\t\t\t\t<\/div>\n\t\t<\/div>\n\t\t\t\t\t\t\t<\/div>\n\t\t<\/section>\n\t\t\t\t\t\t\t<\/div>\n\t\t","protected":false},"excerpt":{"rendered":"<p>Bellinzona e Valli Il comprensorio del Bellinzonese e Valli comprende quattro distretti: Bellinzona, Riviera, Leventina e Blenio. In questi quattro distretti si trovano 21 Comuni. Il territorio spazia dal Comune di Cadenazzo a Sud, situato sul piano di Magadino (199 m s.l.m.) fino ai Comuni di montagna di Bedretto (1&#8217;402 m s.l.m.) e Olivone (1&#8217;215 [&hellip;]<\/p>\n","protected":false},"author":1,"featured_media":0,"parent":1553,"menu_order":8,"comment_status":"closed","ping_status":"closed","template":"","meta":{"footnotes":""},"class_list":["post-1568","page","type-page","status-publish","hentry"],"acf":[],"_links":{"self":[{"href":"https:\/\/gottardo.ch\/it\/wp-json\/wp\/v2\/pages\/1568","targetHints":{"allow":["GET"]}}],"collection":[{"href":"https:\/\/gottardo.ch\/it\/wp-json\/wp\/v2\/pages"}],"about":[{"href":"https:\/\/gottardo.ch\/it\/wp-json\/wp\/v2\/types\/page"}],"author":[{"embeddable":true,"href":"https:\/\/gottardo.ch\/it\/wp-json\/wp\/v2\/users\/1"}],"replies":[{"embeddable":true,"href":"https:\/\/gottardo.ch\/it\/wp-json\/wp\/v2\/comments?post=1568"}],"version-history":[{"count":15,"href":"https:\/\/gottardo.ch\/it\/wp-json\/wp\/v2\/pages\/1568\/revisions"}],"predecessor-version":[{"id":2367,"href":"https:\/\/gottardo.ch\/it\/wp-json\/wp\/v2\/pages\/1568\/revisions\/2367"}],"up":[{"embeddable":true,"href":"https:\/\/gottardo.ch\/it\/wp-json\/wp\/v2\/pages\/1553"}],"wp:attachment":[{"href":"https:\/\/gottardo.ch\/it\/wp-json\/wp\/v2\/media?parent=1568"}],"curies":[{"name":"wp","href":"https:\/\/api.w.org\/{rel}","templated":true}]}}