{"id":1555,"date":"2022-01-24T13:56:29","date_gmt":"2022-01-24T12:56:29","guid":{"rendered":"https:\/\/gottardo.ch\/perimetro\/uri\/"},"modified":"2022-03-10T14:33:43","modified_gmt":"2022-03-10T13:33:43","slug":"uri","status":"publish","type":"page","link":"https:\/\/gottardo.ch\/it\/perimetro\/uri\/","title":{"rendered":"Uri"},"content":{"rendered":"\t\t<div data-elementor-type=\"wp-page\" data-elementor-id=\"1555\" class=\"elementor elementor-1555 elementor-92\" data-elementor-post-type=\"page\">\n\t\t\t\t\t\t\t\t\t<section class=\"elementor-section elementor-top-section elementor-element elementor-element-561d972 elementor-section-boxed elementor-section-height-default elementor-section-height-default\" data-id=\"561d972\" data-element_type=\"section\" data-settings=\"{&quot;background_background&quot;:&quot;classic&quot;}\">\n\t\t\t\t\t\t<div class=\"elementor-container elementor-column-gap-default\">\n\t\t\t\t\t<div class=\"elementor-column elementor-col-50 elementor-top-column elementor-element elementor-element-9e3aaea\" data-id=\"9e3aaea\" data-element_type=\"column\">\n\t\t\t<div class=\"elementor-widget-wrap elementor-element-populated\">\n\t\t\t\t\t\t\t\t<div class=\"elementor-element elementor-element-f13ed14 elementor-widget elementor-widget-heading\" data-id=\"f13ed14\" data-element_type=\"widget\" data-widget_type=\"heading.default\">\n\t\t\t\t<div class=\"elementor-widget-container\">\n\t\t\t<h1 class=\"elementor-heading-title elementor-size-default\">Uri<\/h1>\t\t<\/div>\n\t\t\t\t<\/div>\n\t\t\t\t<div class=\"elementor-element elementor-element-b77f0d6 elementor-widget elementor-widget-text-editor\" data-id=\"b77f0d6\" data-element_type=\"widget\" data-widget_type=\"text-editor.default\">\n\t\t\t\t<div class=\"elementor-widget-container\">\n\t\t\t\t\t\t\t<p>Il Cantone di Uri, la porta tra sud e nord, si trova nel cuore della Svizzera e dunque nel cuore dell&#8217;Europa, lungo il collegamento nord\/sud pi\u00f9 importante (ferrovia \/ strada). Questo collegamento viene utilizzato ogni anno da circa 17 milioni di viaggiatori, provenienti da tutta l&#8217;Europa. Inoltre, Uri dispone di paesaggi in cui la natura si presenta nella sua bellezza originaria e incontaminata.  <\/p><p>Il Cantone \u00e8 composto da 19 comuni indipendenti. Con 34 abitanti per chilometro quadrato (superficie totale 1077 km\u00b2), la densit\u00e0 demografica del Cantone di Uri risulta nettamente al di sotto della media svizzera. Attualmente, nel Cantone vivono circa 37&#8217;000 persone. <\/p><p>Il Cantone Uri ha conservato le sue caratteristiche rurali e le sua ricca cultura. La qualit\u00e0 abitativa nel Cantone supera la media. I garanti principali del benessere sono un sistema scolastico ben sviluppato con scuole professionali e specializzate, un&#8217;offerta sportiva e per il tempo libero diversificata, nonch\u00e9 posti di lavoro orientati al futuro. L&#8217;elevato numero di piccole e medie imprese moderne ed efficienti rappresenta un importante pilastro dell&#8217;economia regionale.   <\/p><p>Dato che uno dei passaggi alpini pi\u00f9 importanti attraversa il Cantone di Uri, quest&#8217;ultimo da secoli \u00e8 alle prese con la gestione di un importante afflusso di traffico, con tutti i suoi vantaggi e svantaggi. Il passo del San Gottardo quale pi\u00f9 breve passaggio tra il nord e il sud delle Alpi ha acquistato una grande importanza per le popolazioni al di qua e al di l\u00e0 dell&#8217;arco alpino specialmente a partire dallo sviluppo del passaggio attraverso la gola della Sch\u00f6llenen e con la costruzione del primo ponte del diavolo nella gola stessa, nel 1230. Nel 1882 \u00e8 stata aperta la galleria ferroviaria del San Gottardo. Nel 1980 \u00e8 seguita la galleria autostradale del San Gottardo. Nel 2016 \u00e8 stata inaugurata la galleria di base del San Gottardo che, con i suoi circa 57 km, \u00e8 il tunnel ferroviario attualmente pi\u00f9 lungo del mondo.    <\/p>\t\t\t\t\t\t<\/div>\n\t\t\t\t<\/div>\n\t\t\t\t\t<\/div>\n\t\t<\/div>\n\t\t\t\t<div class=\"elementor-column elementor-col-50 elementor-top-column elementor-element elementor-element-7194b31\" data-id=\"7194b31\" data-element_type=\"column\">\n\t\t\t<div class=\"elementor-widget-wrap elementor-element-populated\">\n\t\t\t\t\t\t\t\t<div class=\"elementor-element elementor-element-04e4d18 elementor-widget elementor-widget-image\" data-id=\"04e4d18\" data-element_type=\"widget\" data-widget_type=\"image.default\">\n\t\t\t\t<div class=\"elementor-widget-container\">\n\t\t\t\t\t\t\t\t\t\t\t\t\t\t\t<img loading=\"lazy\" decoding=\"async\" width=\"793\" height=\"1024\" src=\"https:\/\/gottardo.ch\/wp-content\/uploads\/2022\/03\/sangottardo_teufel_uri-793x1024.png\" class=\"attachment-large size-large wp-image-1981\" alt=\"\" srcset=\"https:\/\/gottardo.ch\/wp-content\/uploads\/2022\/03\/sangottardo_teufel_uri-793x1024.png 793w, https:\/\/gottardo.ch\/wp-content\/uploads\/2022\/03\/sangottardo_teufel_uri-232x300.png 232w, https:\/\/gottardo.ch\/wp-content\/uploads\/2022\/03\/sangottardo_teufel_uri-768x991.png 768w, https:\/\/gottardo.ch\/wp-content\/uploads\/2022\/03\/sangottardo_teufel_uri-1190x1536.png 1190w, https:\/\/gottardo.ch\/wp-content\/uploads\/2022\/03\/sangottardo_teufel_uri.png 1279w\" sizes=\"auto, (max-width: 793px) 100vw, 793px\" \/>\t\t\t\t\t\t\t\t\t\t\t\t\t\t\t<\/div>\n\t\t\t\t<\/div>\n\t\t\t\t\t<\/div>\n\t\t<\/div>\n\t\t\t\t\t\t\t<\/div>\n\t\t<\/section>\n\t\t\t\t<section class=\"elementor-section elementor-top-section elementor-element elementor-element-2031ee2 elementor-section-boxed elementor-section-height-default elementor-section-height-default\" data-id=\"2031ee2\" data-element_type=\"section\">\n\t\t\t\t\t\t<div class=\"elementor-container elementor-column-gap-default\">\n\t\t\t\t\t<div class=\"elementor-column elementor-col-100 elementor-top-column elementor-element elementor-element-5223ee1\" data-id=\"5223ee1\" data-element_type=\"column\">\n\t\t\t<div class=\"elementor-widget-wrap elementor-element-populated\">\n\t\t\t\t\t\t\t\t<div class=\"elementor-element elementor-element-424c05e elementor-widget elementor-widget-heading\" data-id=\"424c05e\" data-element_type=\"widget\" data-widget_type=\"heading.default\">\n\t\t\t\t<div class=\"elementor-widget-container\">\n\t\t\t<h2 class=\"elementor-heading-title elementor-size-default\">Ulteriori informazioni:<\/h2>\t\t<\/div>\n\t\t\t\t<\/div>\n\t\t\t\t<div class=\"elementor-element elementor-element-35f9055 elementor-icon-list--layout-traditional elementor-list-item-link-full_width elementor-widget elementor-widget-icon-list\" data-id=\"35f9055\" data-element_type=\"widget\" data-widget_type=\"icon-list.default\">\n\t\t\t\t<div class=\"elementor-widget-container\">\n\t\t\t\t\t<ul class=\"elementor-icon-list-items\">\n\t\t\t\t\t\t\t<li class=\"elementor-icon-list-item\">\n\t\t\t\t\t\t\t\t\t\t\t<a href=\"https:\/\/www.ur.ch\/\" target=\"_blank\" rel=\"noopener\">\n\n\t\t\t\t\t\t\t\t\t\t\t\t<span class=\"elementor-icon-list-icon\">\n\t\t\t\t\t\t\t<i aria-hidden=\"true\" class=\"fas fa-chevron-right\"><\/i>\t\t\t\t\t\t<\/span>\n\t\t\t\t\t\t\t\t\t\t<span class=\"elementor-icon-list-text\">Cantone Uri <\/span>\n\t\t\t\t\t\t\t\t\t\t\t<\/a>\n\t\t\t\t\t\t\t\t\t<\/li>\n\t\t\t\t\t\t\t\t<li class=\"elementor-icon-list-item\">\n\t\t\t\t\t\t\t\t\t\t\t<a href=\"https:\/\/www.gemeindeverband.ch\/\" target=\"_blank\" rel=\"noopener\">\n\n\t\t\t\t\t\t\t\t\t\t\t\t<span class=\"elementor-icon-list-icon\">\n\t\t\t\t\t\t\t<i aria-hidden=\"true\" class=\"fas fa-chevron-right\"><\/i>\t\t\t\t\t\t<\/span>\n\t\t\t\t\t\t\t\t\t\t<span class=\"elementor-icon-list-text\">Consorzio dei Comuni Uri<\/span>\n\t\t\t\t\t\t\t\t\t\t\t<\/a>\n\t\t\t\t\t\t\t\t\t<\/li>\n\t\t\t\t\t\t\t\t<li class=\"elementor-icon-list-item\">\n\t\t\t\t\t\t\t\t\t\t\t<a href=\"https:\/\/www.uri.swiss\/de\/\" target=\"_blank\" rel=\"noopener\">\n\n\t\t\t\t\t\t\t\t\t\t\t\t<span class=\"elementor-icon-list-icon\">\n\t\t\t\t\t\t\t<i aria-hidden=\"true\" class=\"fas fa-chevron-right\"><\/i>\t\t\t\t\t\t<\/span>\n\t\t\t\t\t\t\t\t\t\t<span class=\"elementor-icon-list-text\">Uri Tourismus<\/span>\n\t\t\t\t\t\t\t\t\t\t\t<\/a>\n\t\t\t\t\t\t\t\t\t<\/li>\n\t\t\t\t\t\t\t\t<li class=\"elementor-icon-list-item\">\n\t\t\t\t\t\t\t\t\t\t\t<a href=\"https:\/\/www.andermatt.ch\/\" target=\"_blank\" rel=\"noopener\">\n\n\t\t\t\t\t\t\t\t\t\t\t\t<span class=\"elementor-icon-list-icon\">\n\t\t\t\t\t\t\t<i aria-hidden=\"true\" class=\"fas fa-chevron-right\"><\/i>\t\t\t\t\t\t<\/span>\n\t\t\t\t\t\t\t\t\t\t<span class=\"elementor-icon-list-text\">Andermatt Urserntal Tourismus<\/span>\n\t\t\t\t\t\t\t\t\t\t\t<\/a>\n\t\t\t\t\t\t\t\t\t<\/li>\n\t\t\t\t\t\t<\/ul>\n\t\t\t\t<\/div>\n\t\t\t\t<\/div>\n\t\t\t\t\t<\/div>\n\t\t<\/div>\n\t\t\t\t\t\t\t<\/div>\n\t\t<\/section>\n\t\t\t\t\t\t\t<\/div>\n\t\t","protected":false},"excerpt":{"rendered":"<p>Uri Il Cantone di Uri, la porta tra sud e nord, si trova nel cuore della Svizzera e dunque nel cuore dell&#8217;Europa, lungo il collegamento nord\/sud pi\u00f9 importante (ferrovia \/ strada). Questo collegamento viene utilizzato ogni anno da circa 17 milioni di viaggiatori, provenienti da tutta l&#8217;Europa. Inoltre, Uri dispone di paesaggi in cui la [&hellip;]<\/p>\n","protected":false},"author":1,"featured_media":0,"parent":1553,"menu_order":6,"comment_status":"closed","ping_status":"closed","template":"","meta":{"footnotes":""},"class_list":["post-1555","page","type-page","status-publish","hentry"],"acf":[],"_links":{"self":[{"href":"https:\/\/gottardo.ch\/it\/wp-json\/wp\/v2\/pages\/1555","targetHints":{"allow":["GET"]}}],"collection":[{"href":"https:\/\/gottardo.ch\/it\/wp-json\/wp\/v2\/pages"}],"about":[{"href":"https:\/\/gottardo.ch\/it\/wp-json\/wp\/v2\/types\/page"}],"author":[{"embeddable":true,"href":"https:\/\/gottardo.ch\/it\/wp-json\/wp\/v2\/users\/1"}],"replies":[{"embeddable":true,"href":"https:\/\/gottardo.ch\/it\/wp-json\/wp\/v2\/comments?post=1555"}],"version-history":[{"count":5,"href":"https:\/\/gottardo.ch\/it\/wp-json\/wp\/v2\/pages\/1555\/revisions"}],"predecessor-version":[{"id":1985,"href":"https:\/\/gottardo.ch\/it\/wp-json\/wp\/v2\/pages\/1555\/revisions\/1985"}],"up":[{"embeddable":true,"href":"https:\/\/gottardo.ch\/it\/wp-json\/wp\/v2\/pages\/1553"}],"wp:attachment":[{"href":"https:\/\/gottardo.ch\/it\/wp-json\/wp\/v2\/media?parent=1555"}],"curies":[{"name":"wp","href":"https:\/\/api.w.org\/{rel}","templated":true}]}}