{"id":1553,"date":"2022-01-24T13:56:04","date_gmt":"2022-01-24T12:56:04","guid":{"rendered":"https:\/\/gottardo.ch\/perimetro\/"},"modified":"2024-03-27T13:23:24","modified_gmt":"2024-03-27T12:23:24","slug":"perimetro","status":"publish","type":"page","link":"https:\/\/gottardo.ch\/it\/perimetro\/","title":{"rendered":"Perimetro"},"content":{"rendered":"\t\t<div data-elementor-type=\"wp-page\" data-elementor-id=\"1553\" class=\"elementor elementor-1553 elementor-90\" data-elementor-post-type=\"page\">\n\t\t\t\t\t\t\t\t\t<section class=\"elementor-section elementor-top-section elementor-element elementor-element-87e3320 elementor-section-boxed elementor-section-height-default elementor-section-height-default\" data-id=\"87e3320\" data-element_type=\"section\" data-settings=\"{&quot;background_background&quot;:&quot;classic&quot;}\">\n\t\t\t\t\t\t<div class=\"elementor-container elementor-column-gap-default\">\n\t\t\t\t\t<div class=\"elementor-column elementor-col-50 elementor-top-column elementor-element elementor-element-6424973\" data-id=\"6424973\" data-element_type=\"column\">\n\t\t\t<div class=\"elementor-widget-wrap elementor-element-populated\">\n\t\t\t\t\t\t\t\t<div class=\"elementor-element elementor-element-dcc3e00 elementor-widget elementor-widget-heading\" data-id=\"dcc3e00\" data-element_type=\"widget\" data-widget_type=\"heading.default\">\n\t\t\t\t<div class=\"elementor-widget-container\">\n\t\t\t<h1 class=\"elementor-heading-title elementor-size-default\">Perimetro<\/h1>\t\t<\/div>\n\t\t\t\t<\/div>\n\t\t\t\t<div class=\"elementor-element elementor-element-12eda6b elementor-widget elementor-widget-text-editor\" data-id=\"12eda6b\" data-element_type=\"widget\" data-widget_type=\"text-editor.default\">\n\t\t\t\t<div class=\"elementor-widget-container\">\n\t\t\t\t\t\t\t<p>Il perimetro del PSG comprende le tre regioni e aree culturali di Uri, Surselva e Bellinzona e Valli. L&#8217;area intorno al Gottardo \u00e8 uno spazio vitale ed economico per la popolazione locale e allo stesso tempo una destinazione apprezzata dai visitatori. \u00c8 integrata nella Svizzera e in Europa e legata da strette interrelazioni con centri e agglomerati urbani vicini e pi\u00f9 distanti come Zurigo, Lucerna, Monaco e Milano.<\/p>\t\t\t\t\t\t<\/div>\n\t\t\t\t<\/div>\n\t\t\t\t<div class=\"elementor-element elementor-element-7e66fab elementor-widget elementor-widget-image\" data-id=\"7e66fab\" data-element_type=\"widget\" data-widget_type=\"image.default\">\n\t\t\t\t<div class=\"elementor-widget-container\">\n\t\t\t\t\t\t\t\t\t\t\t\t\t\t\t<img loading=\"lazy\" decoding=\"async\" width=\"2560\" height=\"2189\" src=\"https:\/\/gottardo.ch\/wp-content\/uploads\/2024\/03\/04_Perimeter_Karte_komplett_BW_2-scaled.jpg\" class=\"attachment-full size-full wp-image-3735\" alt=\"\" srcset=\"https:\/\/gottardo.ch\/wp-content\/uploads\/2024\/03\/04_Perimeter_Karte_komplett_BW_2-scaled.jpg 2560w, https:\/\/gottardo.ch\/wp-content\/uploads\/2024\/03\/04_Perimeter_Karte_komplett_BW_2-300x257.jpg 300w, https:\/\/gottardo.ch\/wp-content\/uploads\/2024\/03\/04_Perimeter_Karte_komplett_BW_2-1024x876.jpg 1024w, https:\/\/gottardo.ch\/wp-content\/uploads\/2024\/03\/04_Perimeter_Karte_komplett_BW_2-768x657.jpg 768w, https:\/\/gottardo.ch\/wp-content\/uploads\/2024\/03\/04_Perimeter_Karte_komplett_BW_2-1536x1314.jpg 1536w, https:\/\/gottardo.ch\/wp-content\/uploads\/2024\/03\/04_Perimeter_Karte_komplett_BW_2-2048x1752.jpg 2048w\" sizes=\"auto, (max-width: 2560px) 100vw, 2560px\" \/>\t\t\t\t\t\t\t\t\t\t\t\t\t\t\t<\/div>\n\t\t\t\t<\/div>\n\t\t\t\t<div class=\"elementor-element elementor-element-e9bef5c elementor-widget elementor-widget-text-editor\" data-id=\"e9bef5c\" data-element_type=\"widget\" data-widget_type=\"text-editor.default\">\n\t\t\t\t<div class=\"elementor-widget-container\">\n\t\t\t\t\t\t\t<p>Il PSG contribuisce allo sviluppo dell&#8217;area abitativa ed economica intorno al Gottardo per generare valore aggiunto e garantire e creare posti di lavoro.<\/p>\t\t\t\t\t\t<\/div>\n\t\t\t\t<\/div>\n\t\t\t\t<div class=\"elementor-element elementor-element-db8b13f elementor-widget elementor-widget-text-editor\" data-id=\"db8b13f\" data-element_type=\"widget\" data-widget_type=\"text-editor.default\">\n\t\t\t\t<div class=\"elementor-widget-container\">\n\t\t\t\t\t\t\t<h3>Comuni nel perimetro del PSG:<\/h3><p><strong>Uri:<\/strong> Altdorf, Andermatt, Attinghausen, B\u00fcrglen, Erstfeld, Gurtnellen, Fl\u00fcelen, Hospental, G\u00f6schenen, Realp, Isenthal, Schattdorf, Seedorf, Seelisberg, Silenen, Sisikon, Spiringen, Untersch\u00e4chen, Wassen<\/p><p><strong>Bellinzonese e Valli:<\/strong> Acquarossa, Airolo, Arbedo-Castione, Bedretto, Bellinzona, Biasca, Blenio, Bodio, Cadenazzo, Dalpe, Faido, Giornico, Isone, Lumino, Personico, Pollegio, Prato, Quinto, Riviera, Sant&#8217;Antonino, Serravalle<\/p><p><strong>Surselva:<\/strong> Breil\/Brigels, Disentis\/Must\u00e9r, Falera, Ilanz\/Glion, Laax, Lumnezia, Medel (Lucmagn), Obersaxen, Safiental, Sagogn, Schluein, Sumvitg, Trun, Tujetsch, Vals<\/p>\t\t\t\t\t\t<\/div>\n\t\t\t\t<\/div>\n\t\t\t\t\t<\/div>\n\t\t<\/div>\n\t\t\t\t<div class=\"elementor-column elementor-col-50 elementor-top-column elementor-element elementor-element-36c1165\" data-id=\"36c1165\" data-element_type=\"column\">\n\t\t\t<div class=\"elementor-widget-wrap elementor-element-populated\">\n\t\t\t\t\t\t\t\t<div class=\"elementor-element elementor-element-b78c421 elementor-widget elementor-widget-image\" data-id=\"b78c421\" data-element_type=\"widget\" data-widget_type=\"image.default\">\n\t\t\t\t<div class=\"elementor-widget-container\">\n\t\t\t\t\t\t\t\t\t\t\t\t\t\t\t<img loading=\"lazy\" decoding=\"async\" width=\"800\" height=\"355\" src=\"https:\/\/gottardo.ch\/wp-content\/uploads\/2022\/03\/sangottardo_berge_projekte-1-1024x455.png\" class=\"attachment-large size-large wp-image-2014\" alt=\"\" srcset=\"https:\/\/gottardo.ch\/wp-content\/uploads\/2022\/03\/sangottardo_berge_projekte-1-1024x455.png 1024w, https:\/\/gottardo.ch\/wp-content\/uploads\/2022\/03\/sangottardo_berge_projekte-1-300x133.png 300w, https:\/\/gottardo.ch\/wp-content\/uploads\/2022\/03\/sangottardo_berge_projekte-1-768x341.png 768w, https:\/\/gottardo.ch\/wp-content\/uploads\/2022\/03\/sangottardo_berge_projekte-1-1536x682.png 1536w, https:\/\/gottardo.ch\/wp-content\/uploads\/2022\/03\/sangottardo_berge_projekte-1.png 1920w\" sizes=\"auto, (max-width: 800px) 100vw, 800px\" \/>\t\t\t\t\t\t\t\t\t\t\t\t\t\t\t<\/div>\n\t\t\t\t<\/div>\n\t\t\t\t\t<\/div>\n\t\t<\/div>\n\t\t\t\t\t\t\t<\/div>\n\t\t<\/section>\n\t\t\t\t<section class=\"elementor-section elementor-top-section elementor-element elementor-element-a667c12 elementor-section-boxed elementor-section-height-default elementor-section-height-default\" data-id=\"a667c12\" data-element_type=\"section\">\n\t\t\t\t\t\t<div class=\"elementor-container elementor-column-gap-default\">\n\t\t\t\t\t<div class=\"elementor-column elementor-col-100 elementor-top-column elementor-element elementor-element-eb02e30\" data-id=\"eb02e30\" data-element_type=\"column\">\n\t\t\t<div class=\"elementor-widget-wrap elementor-element-populated\">\n\t\t\t\t\t\t\t\t<div class=\"elementor-element elementor-element-579d57c elementor-widget elementor-widget-heading\" data-id=\"579d57c\" data-element_type=\"widget\" data-widget_type=\"heading.default\">\n\t\t\t\t<div class=\"elementor-widget-container\">\n\t\t\t<h2 class=\"elementor-heading-title elementor-size-default\">Informazioni sulle regioni<\/h2>\t\t<\/div>\n\t\t\t\t<\/div>\n\t\t\t\t<div class=\"elementor-element elementor-element-ac87f21 elementor-cta--skin-cover elementor-widget__width-initial elementor-widget-tablet__width-initial elementor-widget-mobile__width-initial elementor-widget elementor-widget-call-to-action\" data-id=\"ac87f21\" data-element_type=\"widget\" data-widget_type=\"call-to-action.default\">\n\t\t\t\t<div class=\"elementor-widget-container\">\n\t\t\t\t\t<a class=\"elementor-cta\" href=\"https:\/\/gottardo.ch\/it\/perimetro\/uri\/\">\n\t\t\t\t\t<div class=\"elementor-cta__bg-wrapper\">\n\t\t\t\t<div class=\"elementor-cta__bg elementor-bg\" style=\"background-image: url(https:\/\/gottardo.ch\/wp-content\/uploads\/2022\/02\/sangottardo-schoellenen_winter-1024x683.jpg);\" role=\"img\" aria-label=\"sangottardo-schoellenen_winter\"><\/div>\n\t\t\t\t<div class=\"elementor-cta__bg-overlay\"><\/div>\n\t\t\t<\/div>\n\t\t\t\t\t\t\t<div class=\"elementor-cta__content\">\n\t\t\t\t\n\t\t\t\t<h3 class=\"elementor-cta__title elementor-cta__content-item elementor-content-item\">Uri<\/h3>\n\t\t\t\t\n\t\t\t\t\t\t\t<\/div>\n\t\t\t\t\t\t<\/a>\n\t\t\t\t<\/div>\n\t\t\t\t<\/div>\n\t\t\t\t<div class=\"elementor-element elementor-element-0be0b5a elementor-cta--skin-cover elementor-widget__width-initial elementor-widget-tablet__width-initial elementor-widget-mobile__width-initial elementor-widget elementor-widget-call-to-action\" data-id=\"0be0b5a\" data-element_type=\"widget\" data-widget_type=\"call-to-action.default\">\n\t\t\t\t<div class=\"elementor-widget-container\">\n\t\t\t\t\t<a class=\"elementor-cta\" href=\"https:\/\/gottardo.ch\/it\/perimetro\/bellinzona-e-valli\/\">\n\t\t\t\t\t<div class=\"elementor-cta__bg-wrapper\">\n\t\t\t\t<div class=\"elementor-cta__bg elementor-bg\" style=\"background-image: url(https:\/\/gottardo.ch\/wp-content\/uploads\/2022\/02\/sangottardo-bike-bedrettotal-1024x683.jpg);\" role=\"img\" aria-label=\"Sangottardo Bike Bedrettotal\"><\/div>\n\t\t\t\t<div class=\"elementor-cta__bg-overlay\"><\/div>\n\t\t\t<\/div>\n\t\t\t\t\t\t\t<div class=\"elementor-cta__content\">\n\t\t\t\t\n\t\t\t\t<h3 class=\"elementor-cta__title elementor-cta__content-item elementor-content-item\">Ticino: Bellinzona e Valli<\/h3>\n\t\t\t\t\n\t\t\t\t\t\t\t<\/div>\n\t\t\t\t\t\t<\/a>\n\t\t\t\t<\/div>\n\t\t\t\t<\/div>\n\t\t\t\t<div class=\"elementor-element elementor-element-c3f913c elementor-cta--skin-cover elementor-widget__width-initial elementor-widget-tablet__width-initial elementor-widget-mobile__width-initial elementor-widget elementor-widget-call-to-action\" data-id=\"c3f913c\" data-element_type=\"widget\" data-widget_type=\"call-to-action.default\">\n\t\t\t\t<div class=\"elementor-widget-container\">\n\t\t\t\t\t<a class=\"elementor-cta\" href=\"https:\/\/gottardo.ch\/it\/perimetro\/surselva\/\">\n\t\t\t\t\t<div class=\"elementor-cta__bg-wrapper\">\n\t\t\t\t<div class=\"elementor-cta__bg elementor-bg\" style=\"background-image: url(https:\/\/gottardo.ch\/wp-content\/uploads\/2022\/02\/sangottardo-lukmanierpass-see-1024x683.jpg);\" role=\"img\" aria-label=\"sangottardo-lukmanierpass-see\"><\/div>\n\t\t\t\t<div class=\"elementor-cta__bg-overlay\"><\/div>\n\t\t\t<\/div>\n\t\t\t\t\t\t\t<div class=\"elementor-cta__content\">\n\t\t\t\t\n\t\t\t\t<h3 class=\"elementor-cta__title elementor-cta__content-item elementor-content-item\">Grigioni: Surselva<\/h3>\n\t\t\t\t\n\t\t\t\t\t\t\t<\/div>\n\t\t\t\t\t\t<\/a>\n\t\t\t\t<\/div>\n\t\t\t\t<\/div>\n\t\t\t\t\t<\/div>\n\t\t<\/div>\n\t\t\t\t\t\t\t<\/div>\n\t\t<\/section>\n\t\t\t\t\t\t\t<\/div>\n\t\t","protected":false},"excerpt":{"rendered":"<p>Perimetro Il perimetro del PSG comprende le tre regioni e aree culturali di Uri, Surselva e Bellinzona e Valli. L&#8217;area intorno al Gottardo \u00e8 uno spazio vitale ed economico per la popolazione locale e allo stesso tempo una destinazione apprezzata dai visitatori. \u00c8 integrata nella Svizzera e in Europa e legata da strette interrelazioni con [&hellip;]<\/p>\n","protected":false},"author":1,"featured_media":0,"parent":0,"menu_order":5,"comment_status":"closed","ping_status":"closed","template":"","meta":{"footnotes":""},"class_list":["post-1553","page","type-page","status-publish","hentry"],"acf":[],"_links":{"self":[{"href":"https:\/\/gottardo.ch\/it\/wp-json\/wp\/v2\/pages\/1553","targetHints":{"allow":["GET"]}}],"collection":[{"href":"https:\/\/gottardo.ch\/it\/wp-json\/wp\/v2\/pages"}],"about":[{"href":"https:\/\/gottardo.ch\/it\/wp-json\/wp\/v2\/types\/page"}],"author":[{"embeddable":true,"href":"https:\/\/gottardo.ch\/it\/wp-json\/wp\/v2\/users\/1"}],"replies":[{"embeddable":true,"href":"https:\/\/gottardo.ch\/it\/wp-json\/wp\/v2\/comments?post=1553"}],"version-history":[{"count":32,"href":"https:\/\/gottardo.ch\/it\/wp-json\/wp\/v2\/pages\/1553\/revisions"}],"predecessor-version":[{"id":3767,"href":"https:\/\/gottardo.ch\/it\/wp-json\/wp\/v2\/pages\/1553\/revisions\/3767"}],"wp:attachment":[{"href":"https:\/\/gottardo.ch\/it\/wp-json\/wp\/v2\/media?parent=1553"}],"curies":[{"name":"wp","href":"https:\/\/api.w.org\/{rel}","templated":true}]}}