{"id":1528,"date":"2022-01-24T13:54:56","date_gmt":"2022-01-24T12:54:56","guid":{"rendered":"https:\/\/gottardo.ch\/scopi\/"},"modified":"2024-09-03T15:00:28","modified_gmt":"2024-09-03T13:00:28","slug":"scopi","status":"publish","type":"page","link":"https:\/\/gottardo.ch\/it\/scopi\/","title":{"rendered":"Ambiti di intervento e scopi"},"content":{"rendered":"\t\t<div data-elementor-type=\"wp-page\" data-elementor-id=\"1528\" class=\"elementor elementor-1528 elementor-84\" data-elementor-post-type=\"page\">\n\t\t\t\t\t\t\t\t\t<section class=\"elementor-section elementor-top-section elementor-element elementor-element-2bd639a elementor-section-boxed elementor-section-height-default elementor-section-height-default\" data-id=\"2bd639a\" data-element_type=\"section\" data-settings=\"{&quot;background_background&quot;:&quot;classic&quot;}\">\n\t\t\t\t\t\t<div class=\"elementor-container elementor-column-gap-default\">\n\t\t\t\t\t<div class=\"elementor-column elementor-col-50 elementor-top-column elementor-element elementor-element-9061915\" data-id=\"9061915\" data-element_type=\"column\">\n\t\t\t<div class=\"elementor-widget-wrap elementor-element-populated\">\n\t\t\t\t\t\t\t\t<div class=\"elementor-element elementor-element-af720aa elementor-widget elementor-widget-heading\" data-id=\"af720aa\" data-element_type=\"widget\" data-widget_type=\"heading.default\">\n\t\t\t\t<div class=\"elementor-widget-container\">\n\t\t\t<h1 class=\"elementor-heading-title elementor-size-default\"> Obiettivi del programma e ambiti di intervento\n<\/h1>\t\t<\/div>\n\t\t\t\t<\/div>\n\t\t\t\t<div class=\"elementor-element elementor-element-d3176f5 elementor-widget elementor-widget-text-editor\" data-id=\"d3176f5\" data-element_type=\"widget\" data-widget_type=\"text-editor.default\">\n\t\t\t\t<div class=\"elementor-widget-container\">\n\t\t\t\t\t\t\t<h2>Scopi<\/h2><p>La regione del Gottardo, vivace e unica, \u00e8 un luogo attraente per i residenti, l&#8217;economia e i visitatori.<\/p><p>L&#8217;obiettivo primario del PSG \u00e8 quello di contribuire al rafforzamento della competitivit\u00e0 e all&#8217;incremento della creazione del valore nella regione del Gottardo. Questa area ha una forte attrazione turistica, di cui beneficiano anche molti settori economici collegati.<\/p><p>Il PSG intende contribuire a potenziare la competitivit\u00e0 e ad accrescere il valore aggiunto nell\u2019area del Gottardo. Questa regione sfrutta le proprie potenzialit\u00e0 e le combina per creare una caratteristica unica che attrae visitatori, residenti e aziende. Il PSG si concentra sull&#8217;attuazione di misure mirate per la realizzazione di questa visione in tre aree principali. Nelle priorit\u00e0 di finanziamento &#8220;Sistema di creazione di valore turistico&#8221; e &#8220;Risorse locali e altre catene di valore&#8221;, l&#8217;obiettivo \u00e8 promuovere lo sviluppo economico sostenendo infrastrutture, offerte e cooperazione. Il PSG intende contribuire attivamente a far s\u00ec che gli attori regionali e locali raccolgano idee e iniziative, sviluppino attivit\u00e0 e avviino progetti. La priorit\u00e0 di finanziamento &#8220;Gestione regionale&#8221; fornisce quindi un impulso e un aiuto per l&#8217;identificazione e l&#8217;attuazione dei progetti.<\/p>\t\t\t\t\t\t<\/div>\n\t\t\t\t<\/div>\n\t\t\t\t<div class=\"elementor-element elementor-element-ee456b7 elementor-widget elementor-widget-image\" data-id=\"ee456b7\" data-element_type=\"widget\" data-widget_type=\"image.default\">\n\t\t\t\t<div class=\"elementor-widget-container\">\n\t\t\t\t\t\t\t\t\t\t\t\t\t\t\t\t<a href=\"https:\/\/gottardo.ch\/wp-content\/uploads\/2024\/03\/01_san_gottardo_priorita_promozione_2024-1.png\" data-elementor-open-lightbox=\"yes\" data-elementor-lightbox-title=\"01 San Gottardo Priorita Promozione 2024\" data-e-action-hash=\"#elementor-action%3Aaction%3Dlightbox%26settings%3DeyJpZCI6Mzc3NiwidXJsIjoiaHR0cHM6XC9cL2dvdHRhcmRvLmNoXC93cC1jb250ZW50XC91cGxvYWRzXC8yMDI0XC8wM1wvMDFfc2FuX2dvdHRhcmRvX3ByaW9yaXRhX3Byb21vemlvbmVfMjAyNC0xLnBuZyJ9\">\n\t\t\t\t\t\t\t<img loading=\"lazy\" decoding=\"async\" width=\"2480\" height=\"1181\" src=\"https:\/\/gottardo.ch\/wp-content\/uploads\/2024\/03\/01_san_gottardo_priorita_promozione_2024-1.png\" class=\"attachment-full size-full wp-image-3776\" alt=\"\" srcset=\"https:\/\/gottardo.ch\/wp-content\/uploads\/2024\/03\/01_san_gottardo_priorita_promozione_2024-1.png 2480w, https:\/\/gottardo.ch\/wp-content\/uploads\/2024\/03\/01_san_gottardo_priorita_promozione_2024-1-300x143.png 300w, https:\/\/gottardo.ch\/wp-content\/uploads\/2024\/03\/01_san_gottardo_priorita_promozione_2024-1-1024x488.png 1024w, https:\/\/gottardo.ch\/wp-content\/uploads\/2024\/03\/01_san_gottardo_priorita_promozione_2024-1-768x366.png 768w, https:\/\/gottardo.ch\/wp-content\/uploads\/2024\/03\/01_san_gottardo_priorita_promozione_2024-1-1536x731.png 1536w, https:\/\/gottardo.ch\/wp-content\/uploads\/2024\/03\/01_san_gottardo_priorita_promozione_2024-1-2048x975.png 2048w\" sizes=\"auto, (max-width: 2480px) 100vw, 2480px\" \/>\t\t\t\t\t\t\t\t<\/a>\n\t\t\t\t\t\t\t\t\t\t\t\t\t\t\t<\/div>\n\t\t\t\t<\/div>\n\t\t\t\t<div class=\"elementor-element elementor-element-101ae35 elementor-widget elementor-widget-text-editor\" data-id=\"101ae35\" data-element_type=\"widget\" data-widget_type=\"text-editor.default\">\n\t\t\t\t<div class=\"elementor-widget-container\">\n\t\t\t\t\t\t\t<h2>Ambiti di intervento<\/h2><h3>\u00abSistema di creazione del valore turistico\u00bb<\/h3><p><strong><em>Obiettivo del programma: <\/em><\/strong><em>promuovere lo sviluppo di prodotti e infrastrutture turistiche sulla base di una cooperazione efficiente e del potenziale esistente.<\/em><\/p><p>Il PSG ha come obiettivo la creazione di nuovi prodotti e servizi turistici e quindi la generazione di nuove entrate. L&#8217;attenzione del programma \u00e8 rivolta a progetti che contribuiscono al coordinamento sovraregionale dello sviluppo e dell&#8217;offerta di prodotti, al miglioramento della comunicazione, del marketing e delle vendite condivise. L&#8217;obiettivo \u00e8 quello di aiutare la regione del Gottardo a incrementare posti di lavoro e reddito. A tal fine, in alcune aree selezionate si persegue anche un miglioramento delle infrastrutture turistiche in campo commerciale. Gli attori uniscono il loro potere d&#8217;investimento a favore di progetti chiaramente definiti. Gli obiettivi includono quindi anche una suddivisione pi\u00f9 efficiente del lavoro e dei compiti, nonch\u00e9 la cooperazione tra i numerosi attori del turismo. Si esplorano le possibilit\u00e0 digitali e si sfruttano le opportunit\u00e0 di sviluppo sostenibile. Gli approcci mirano a facilitare la creazione di cooperazioni e alleanze in modo pragmatico.<\/p><h3>\u00abRisorse locali e altri sistemi di creazione del valore\u00bb<\/h3><p><strong><em>Obiettivo del programma: <\/em><\/strong><em>sfruttare le risorse locali sulla base dello sviluppo e dell&#8217;estensione delle catene del valore e attraverso la cooperazione sovraregionale.<\/em><\/p><p>La regione del Gottardo presenta una ricca variet\u00e0 di risorse locali. Queste includono, ad esempio, la cultura, l&#8217;acqua, la pietra e la terra, il legno e l&#8217;agricoltura. Esse costituiscono ampi punti di attrazione e di contatto per la trasformazione in prodotti e servizi commerciabili. Il potenziale dovrebbe essere sfruttato e integrato nelle catene del valore esistenti o collegato ad esse. Ci\u00f2 comporta il sostegno a infrastrutture e progetti per lo sviluppo e l&#8217;implementazione di prodotti e servizi, nonch\u00e9 il miglioramento della comunicazione, del marketing e delle vendite, mettendo in comune le risorse e sfruttando le sinergie. Nella migliore delle ipotesi, si possono creare nuove catene del valore.<\/p><h3>\u00abManagement regionale\u00bb<\/h3><p><strong><em>Obiettivo del programma: <\/em><\/strong><em>promuovere lo sviluppo delle competenze, l&#8217;iniziativa personale, l&#8217;innovazione, la cooperazione e l&#8217;identit\u00e0 attraverso una gestione regionale attiva.<\/em><\/p><p>Il PSG \u00e8 caratterizzato da un&#8217;efficace gestione regionale. Con le proprie attivit\u00e0, il PSG mira a garantire che la popolazione e l&#8217;economia sappiano come gestire e utilizzare il potenziale esistente. La capacit\u00e0 strategica viene rafforzata e le capacit\u00e0 di attuazione dei progetti vengono ampliate. In un contesto difficile si sprigionano cos\u00ec dinamismo, innovazione e spirito imprenditoriale. Il progresso economico e imprenditoriale porta a un rafforzamento dell&#8217;identit\u00e0 regionale che stimoli l\u2019iniziativa personale per progetti che aprano migliori prospettive future per gli abitanti, l\u2019economia e il territorio nel suo complesso.<\/p><h2>Tematiche trasversali<\/h2><p>Gli ambiti di intervento &#8220;Sistema di creazione del valore turistico&#8221; e &#8220;Risorse locali e altri sistemi di creazione del valore&#8221; saranno permeate da tre temi trasversali che integrano e rafforzano le priorit\u00e0 e le tematiche di finanziamento.<\/p><h3>\u00abTrasformazione digitale\u00bb<\/h3><p>L&#8217;obiettivo \u00e8 sfruttare le opportunit\u00e0 offerte dalla digitalizzazione. I progetti devono essere in grado di dare un contributo alla trasformazione digitale. Ci\u00f2 include, ad esempio, l&#8217;esame della misura in cui i mezzi digitali possono essere utilizzati nei progetti di comunicazione, marketing e distribuzione di prodotti e servizi della regione del Gottardo. I progetti dovranno inoltre utilizzare le applicazioni digitali per rafforzare la collaborazione in modo pi\u00f9 mirato.<\/p><h3>\u00abSviluppo sostenibile\u00bb<\/h3><p>La NPR pone particolare enfasi sui progetti che contribuiscono allo sviluppo sostenibile. Si tratta di un classico compito trasversale. In passato, la NPR ha gi\u00e0 contribuito in modo significativo allo sviluppo sostenibile delle sue aree di intervento.<\/p><p>Secondo il concetto di &#8220;Sviluppo sostenibile nella NPR&#8221;, elaborato dalla SECO in linea con la Strategia di sviluppo sostenibile 2030 (SNE 2030) della Confederazione e con il coinvolgimento dei dipartimenti cantonali della NPR, i contributi allo sviluppo sostenibile devono essere aumentati. L&#8217;attenzione \u00e8 posta sullo sfruttamento delle opportunit\u00e0 economiche dello sviluppo sostenibile nelle regioni. Allo stesso tempo, \u00e8 necessario ridurre i rischi nell&#8217;interfaccia con l&#8217;ambiente e la societ\u00e0.<\/p><p>Gli attori nell\u2019area del San Gottardo dovranno saper sfruttare le opportunit\u00e0 economiche derivanti dal risparmio climatico e delle risorse nonch\u00e9 dalle innovazioni sociali. In futuro, orienteranno sempre pi\u00f9 prodotti, processi produttivi e servizi verso la creazione di valore in sistemi regionali e circolari. Sfrutteranno le opportunit\u00e0 economiche offerte dalla biodiversit\u00e0 e dal paesaggio valorizzandole attraverso un utilizzo adeguato al luogo. Gli attori di diversi settori e discipline realizzeranno sempre pi\u00f9 progetti in partenariato. Ad esempio, il PSG sostiene progetti che contribuiscono allo sviluppo economico regionale:<\/p><ul><li>per valorizzare le opportunit\u00e0 di un consumo e di una produzione pi\u00f9 sostenibili con nuovi prodotti e processi produttivi,<\/li><li>per puntare sul turismo naturalistico e culturale o sull&#8217;uso sostenibile\/valorizzazione del paesaggio e della biodiversit\u00e0 o ottimizzare gli investimenti in termini di impatto,<\/li><li>per rafforzare la cooperazione tra diversi gruppi sociali e di et\u00e0 o tra aree rurali e urbane.<\/li><\/ul><p><a href=\"https:\/\/regiosuisse.ch\/sites\/default\/files\/2023-01\/Sviluppo%20sostenibile%20nella%20Nuova%20politica%20regionale.pdf\" target=\"_blank\" rel=\"noopener\">Lo sviluppo sostenibile nella Nuova Politica Regionale<\/a> <br \/><a href=\"https:\/\/gottardo.ch\/wp-content\/uploads\/2024\/03\/Strategia-per-uno-sviluppo-sostenibile-2030.pdf\">Strategia per uno sviluppo sostenibile 2030 del Governo federale<\/a><\/p><h3>\u00abEconomia locale\u00bb<\/h3><p>L&#8217;approccio basato sull\u2019export rimane al centro di tutte le attivit\u00e0 di finanziamento del PSG. Tuttavia, \u00e8 importante sfruttare l&#8217;opportunit\u00e0 di sostenere anche progetti imprenditoriali locali. Si tratta di progetti non direttamente orientati all&#8217;export, ma che contribuiscono allo sviluppo economico regionale e hanno un impatto che va oltre l&#8217;azienda. L&#8217;attenzione \u00e8 rivolta soprattutto ai progetti che contribuiscono ad aumentare l&#8217;attrattiva della regione come luogo in cui vivere e lavorare o a diversificare l&#8217;economia, a generare dinamiche di sviluppo e a incoraggiare ulteriori iniziative. La condizione per sostenere i progetti nell&#8217;ambito del PSG \u00e8 che siano di natura intercantonale e sfruttino le sinergie.<\/p>\t\t\t\t\t\t<\/div>\n\t\t\t\t<\/div>\n\t\t\t\t\t<\/div>\n\t\t<\/div>\n\t\t\t\t<div class=\"elementor-column elementor-col-50 elementor-top-column elementor-element elementor-element-3bd3ab6\" data-id=\"3bd3ab6\" data-element_type=\"column\">\n\t\t\t<div class=\"elementor-widget-wrap elementor-element-populated\">\n\t\t\t\t\t\t\t\t<div class=\"elementor-element elementor-element-324331c elementor-widget elementor-widget-image\" data-id=\"324331c\" data-element_type=\"widget\" data-widget_type=\"image.default\">\n\t\t\t\t<div class=\"elementor-widget-container\">\n\t\t\t\t\t\t\t\t\t\t\t\t\t\t\t<img loading=\"lazy\" decoding=\"async\" width=\"600\" height=\"567\" src=\"https:\/\/gottardo.ch\/wp-content\/uploads\/2022\/03\/san_gottardo_ziele_icon.png\" class=\"attachment-large size-large wp-image-2075\" alt=\"\" srcset=\"https:\/\/gottardo.ch\/wp-content\/uploads\/2022\/03\/san_gottardo_ziele_icon.png 600w, https:\/\/gottardo.ch\/wp-content\/uploads\/2022\/03\/san_gottardo_ziele_icon-300x284.png 300w\" sizes=\"auto, (max-width: 600px) 100vw, 600px\" \/>\t\t\t\t\t\t\t\t\t\t\t\t\t\t\t<\/div>\n\t\t\t\t<\/div>\n\t\t\t\t\t<\/div>\n\t\t<\/div>\n\t\t\t\t\t\t\t<\/div>\n\t\t<\/section>\n\t\t\t\t\t\t\t<\/div>\n\t\t","protected":false},"excerpt":{"rendered":"<p>Obiettivi del programma e ambiti di intervento Scopi La regione del Gottardo, vivace e unica, \u00e8 un luogo attraente per i residenti, l&#8217;economia e i visitatori. L&#8217;obiettivo primario del PSG \u00e8 quello di contribuire al rafforzamento della competitivit\u00e0 e all&#8217;incremento della creazione del valore nella regione del Gottardo. Questa area ha una forte attrazione turistica, [&hellip;]<\/p>\n","protected":false},"author":1,"featured_media":0,"parent":0,"menu_order":2,"comment_status":"closed","ping_status":"closed","template":"","meta":{"footnotes":""},"class_list":["post-1528","page","type-page","status-publish","hentry"],"acf":[],"_links":{"self":[{"href":"https:\/\/gottardo.ch\/it\/wp-json\/wp\/v2\/pages\/1528","targetHints":{"allow":["GET"]}}],"collection":[{"href":"https:\/\/gottardo.ch\/it\/wp-json\/wp\/v2\/pages"}],"about":[{"href":"https:\/\/gottardo.ch\/it\/wp-json\/wp\/v2\/types\/page"}],"author":[{"embeddable":true,"href":"https:\/\/gottardo.ch\/it\/wp-json\/wp\/v2\/users\/1"}],"replies":[{"embeddable":true,"href":"https:\/\/gottardo.ch\/it\/wp-json\/wp\/v2\/comments?post=1528"}],"version-history":[{"count":44,"href":"https:\/\/gottardo.ch\/it\/wp-json\/wp\/v2\/pages\/1528\/revisions"}],"predecessor-version":[{"id":3996,"href":"https:\/\/gottardo.ch\/it\/wp-json\/wp\/v2\/pages\/1528\/revisions\/3996"}],"wp:attachment":[{"href":"https:\/\/gottardo.ch\/it\/wp-json\/wp\/v2\/media?parent=1528"}],"curies":[{"name":"wp","href":"https:\/\/api.w.org\/{rel}","templated":true}]}}